{"id":3578,"date":"2023-01-05T15:26:05","date_gmt":"2023-01-05T15:26:05","guid":{"rendered":"https:\/\/sasocial.eu\/?page_id=3578"},"modified":"2023-01-09T00:36:06","modified_gmt":"2023-01-09T00:36:06","slug":"comunidade-sasocial-nova-pag","status":"publish","type":"page","link":"https:\/\/sasocial.eu\/?page_id=3578","title":{"rendered":"Comunidade SASocial"},"content":{"rendered":"\n<h2 class=\"wp-block-heading\">O que \u00e9?<\/h2>\n\n\n\n<p>A comunidade SASocial \u00e9 o resultado do esfor\u00e7o coletivo de um conjunto de institui\u00e7\u00f5es de ensino superior portuguesas, cuja mobiliza\u00e7\u00e3o de recursos e compet\u00eancias levaram \u00e0 cria\u00e7\u00e3o de uma inovadora plataforma tecnol\u00f3gica, designada por SASocial. O objetivo principal desta comunidade passa por ajudar a modernizar a oferta de servi\u00e7os sociais de apoio aos estudantes, tendo como base a utiliza\u00e7\u00e3o de ferramentas digitais de ultima gera\u00e7\u00e3o, a partilha de boas pr\u00e1ticas e a implementa\u00e7\u00e3o de modelos de trabalho colaborativo entre as organiza\u00e7\u00f5es que integram esta comunidade.<\/p>\n\n\n\n<p>Atrav\u00e9s da uni\u00e3o de esfor\u00e7os dos membros desta comunidade, pretende-se tornar o ensino superior cada vez mais acess\u00edvel e inclusivo e com maior potencial de cria\u00e7\u00e3o de valor social.<\/p>\n\n\n\n<h2 class=\"wp-block-heading\">Qual o processo de ades\u00e3o?<\/h2>\n\n\n\n<p><strong>Pr\u00e9-Requisitos:<\/strong><\/p>\n\n\n\n<ul class=\"wp-block-list\">\n<li>Ser uma institui\u00e7\u00e3o de Ensino<\/li>\n<\/ul>\n\n\n\n<p><strong>Etapas:<\/strong><\/p>\n\n\n\n<ul class=\"wp-block-list\">\n<li> Solicitar a ades\u00e3o atrav\u00e9s do envio do seguinte <a href=\"https:\/\/sasocial.eu\/wp-content\/uploads\/2023\/01\/Solicitacao-de-adesao-a-comunidade-sasocial.docx\">formul\u00e1rio<\/a> para o info@sasocial.eu<\/li>\n\n\n\n<li> Aprova\u00e7\u00e3o da ades\u00e3o pelos membros fundadores da comunidade<\/li>\n<\/ul>\n\n\n\n<h2 class=\"wp-block-heading\">Quais as vantagens de pertencer \u00e0 Comunidade SASocial?<\/h2>\n\n\n\n<p>Apesar de qualquer entidade de ensino, mesmo n\u00e3o sendo membro da Comunidade SASocial, puder instalar e utilizar a plataforma SASocial sem qualquer custo, o facto de ser membro dessa comunidade apresenta um importante conjunto de benef\u00edcios, nomeadamente:<\/p>\n\n\n\n<ul class=\"wp-block-list\">\n<li>Assist\u00eancia t\u00e9cnica e suporte ao funcionamento da plataforma;<\/li>\n\n\n\n<li>Acesso \u00e0s melhorias efetuadas ao c\u00f3digo-fonte;<\/li>\n\n\n\n<li>Participa\u00e7\u00e3o nos processos de decis\u00e3o sobre as melhoria a implementar na plataforma<\/li>\n\n\n\n<li>Envolvimento dos trabalhadores em diferentes grupos de trabalho  <\/li>\n\n\n\n<li>Acesso a boas pr\u00e1ticas ao n\u00edvel da presta\u00e7\u00e3o de servi\u00e7os de apoio aos alunos<\/li>\n<\/ul>\n\n\n\n<h2 class=\"wp-block-heading\">Quais as responsabilidades de pertencer \u00e0 Comunidade?<\/h2>\n\n\n\n<p>De modo a garantir o cont\u00ednuo desenvolvimento, qualidade e manuten\u00e7\u00e3o da plataforma, cabe a todos os membros da Comunidade contribuirem para o desenvolvimento e manuten\u00e7\u00e3o da plataforma, quer atrav\u00e9s da aloca\u00e7\u00e3o de horas de recursos pr\u00f3prios, quer de horas de servi\u00e7os contratados a entidades externas.<\/p>\n\n\n\n<h2 class=\"wp-block-heading\">Funcionamento da Comunidade SASocial<\/h2>\n\n\n\n<p>Pretende saber mais sobre esta comunidade e como pode fazer parte da mesma? contacte-nos atrav\u00e9s de info@sasocial.eu<\/p>\n\n\n\n<p>Para informa\u00e7\u00f5es acionistas sobre o funcionamento desta comunidade pode consultar o <a rel=\"noreferrer noopener\" href=\"https:\/\/sasocial.eu\/wp-content\/uploads\/2023\/01\/Protocolo-comunidade-sasocial-vf.docx\" target=\"_blank\">protocolo da comunidade SASocial<\/a>.<\/p>\n\n\n\n<div class=\"wp-block-group is-layout-constrained wp-block-group-is-layout-constrained\">\n<div class=\"wp-block-columns is-layout-flex wp-container-core-columns-is-layout-28f84493 wp-block-columns-is-layout-flex\">\n<div class=\"wp-block-column is-layout-flow wp-block-column-is-layout-flow\"><\/div>\n<\/div>\n<\/div>\n\n\n\n<div class=\"wp-block-buttons is-layout-flex wp-block-buttons-is-layout-flex\"><\/div>\n","protected":false},"excerpt":{"rendered":"<p>O que \u00e9? A comunidade SASocial \u00e9 o resultado do esfor\u00e7o coletivo de um conjunto de institui\u00e7\u00f5es de ensino superior portuguesas, cuja mobiliza\u00e7\u00e3o de recursos e compet\u00eancias levaram \u00e0 cria\u00e7\u00e3o de uma inovadora plataforma tecnol\u00f3gica, designada por SASocial. O objetivo principal desta comunidade passa por ajudar a modernizar a oferta de servi\u00e7os sociais de apoio aos estudantes, tendo como base a utiliza\u00e7\u00e3o de ferramentas digitais de ultima gera\u00e7\u00e3o, a partilha de boas pr\u00e1ticas e a implementa\u00e7\u00e3o de modelos de trabalho colaborativo entre as organiza\u00e7\u00f5es que integram esta comunidade. Atrav\u00e9s da uni\u00e3o de esfor\u00e7os dos membros desta comunidade, pretende-se tornar o\u2026<\/p>\n","protected":false},"author":4,"featured_media":0,"parent":0,"menu_order":0,"comment_status":"closed","ping_status":"closed","template":"","meta":{"footnotes":""},"class_list":["post-3578","page","type-page","status-publish","hentry"],"blocksy_meta":{"styles_descriptor":{"styles":{"desktop":"","tablet":"","mobile":""},"google_fonts":[],"version":5}},"_links":{"self":[{"href":"https:\/\/sasocial.eu\/index.php?rest_route=\/wp\/v2\/pages\/3578","targetHints":{"allow":["GET"]}}],"collection":[{"href":"https:\/\/sasocial.eu\/index.php?rest_route=\/wp\/v2\/pages"}],"about":[{"href":"https:\/\/sasocial.eu\/index.php?rest_route=\/wp\/v2\/types\/page"}],"author":[{"embeddable":true,"href":"https:\/\/sasocial.eu\/index.php?rest_route=\/wp\/v2\/users\/4"}],"replies":[{"embeddable":true,"href":"https:\/\/sasocial.eu\/index.php?rest_route=%2Fwp%2Fv2%2Fcomments&post=3578"}],"version-history":[{"count":20,"href":"https:\/\/sasocial.eu\/index.php?rest_route=\/wp\/v2\/pages\/3578\/revisions"}],"predecessor-version":[{"id":3611,"href":"https:\/\/sasocial.eu\/index.php?rest_route=\/wp\/v2\/pages\/3578\/revisions\/3611"}],"wp:attachment":[{"href":"https:\/\/sasocial.eu\/index.php?rest_route=%2Fwp%2Fv2%2Fmedia&parent=3578"}],"curies":[{"name":"wp","href":"https:\/\/api.w.org\/{rel}","templated":true}]}}